{"id":148,"date":"2026-04-16T19:45:08","date_gmt":"2026-04-16T19:45:08","guid":{"rendered":"https:\/\/solicitecondominial.com.br\/?page_id=148"},"modified":"2026-04-16T20:36:56","modified_gmt":"2026-04-16T20:36:56","slug":"quem-somos","status":"publish","type":"page","link":"https:\/\/solicitecondominial.com.br\/?page_id=148","title":{"rendered":"Quem Somos"},"content":{"rendered":"\t\t<div data-elementor-type=\"wp-page\" data-elementor-id=\"148\" class=\"elementor elementor-148\">\n\t\t\t\t\t\t<section class=\"elementor-section elementor-top-section elementor-element elementor-element-eb495fc elementor-section-boxed elementor-section-height-default elementor-section-height-default\" data-id=\"eb495fc\" data-element_type=\"section\" data-e-type=\"section\" data-settings=\"{&quot;background_background&quot;:&quot;classic&quot;}\">\n\t\t\t\t\t\t<div class=\"elementor-container elementor-column-gap-default\">\n\t\t\t\t\t<div class=\"elementor-column elementor-col-50 elementor-top-column elementor-element elementor-element-938c36a\" data-id=\"938c36a\" data-element_type=\"column\" data-e-type=\"column\">\n\t\t\t<div class=\"elementor-widget-wrap elementor-element-populated\">\n\t\t\t\t\t\t<div class=\"elementor-element elementor-element-93b0e5d elementor-widget-tablet__width-initial elementor-widget-mobile__width-initial elementor-widget__width-initial elementor-widget elementor-widget-image\" data-id=\"93b0e5d\" data-element_type=\"widget\" data-e-type=\"widget\" data-widget_type=\"image.default\">\n\t\t\t\t<div class=\"elementor-widget-container\">\n\t\t\t\t\t\t\t\t\t\t\t\t\t\t\t\t<a href=\"https:\/\/solicitecondominial.com.br\">\n\t\t\t\t\t\t\t<img fetchpriority=\"high\" decoding=\"async\" width=\"300\" height=\"225\" src=\"https:\/\/solicitecondominial.com.br\/wp-content\/uploads\/2026\/04\/logo-solicite-02-300x225.png\" class=\"attachment-medium size-medium wp-image-20\" alt=\"\" srcset=\"https:\/\/solicitecondominial.com.br\/wp-content\/uploads\/2026\/04\/logo-solicite-02-300x225.png 300w, https:\/\/solicitecondominial.com.br\/wp-content\/uploads\/2026\/04\/logo-solicite-02-1024x768.png 1024w, https:\/\/solicitecondominial.com.br\/wp-content\/uploads\/2026\/04\/logo-solicite-02-768x576.png 768w, https:\/\/solicitecondominial.com.br\/wp-content\/uploads\/2026\/04\/logo-solicite-02.png 1200w\" sizes=\"(max-width: 300px) 100vw, 300px\" \/>\t\t\t\t\t\t\t\t<\/a>\n\t\t\t\t\t\t\t\t\t\t\t\t\t\t\t<\/div>\n\t\t\t\t<\/div>\n\t\t\t\t\t<\/div>\n\t\t<\/div>\n\t\t\t\t<div class=\"elementor-column elementor-col-50 elementor-top-column elementor-element elementor-element-f00b2fe\" data-id=\"f00b2fe\" data-element_type=\"column\" data-e-type=\"column\">\n\t\t\t<div class=\"elementor-widget-wrap elementor-element-populated\">\n\t\t\t\t\t\t<div class=\"elementor-element elementor-element-29457a2 elementor-nav-menu__align-left elementor-nav-menu--dropdown-mobile elementor-nav-menu__text-align-center elementor-nav-menu--toggle elementor-nav-menu--burger elementor-widget elementor-widget-nav-menu\" data-id=\"29457a2\" data-element_type=\"widget\" data-e-type=\"widget\" data-settings=\"{&quot;layout&quot;:&quot;horizontal&quot;,&quot;submenu_icon&quot;:{&quot;value&quot;:&quot;&lt;i class=\\&quot;fas fa-caret-down\\&quot;&gt;&lt;\\\/i&gt;&quot;,&quot;library&quot;:&quot;fa-solid&quot;},&quot;toggle&quot;:&quot;burger&quot;}\" data-widget_type=\"nav-menu.default\">\n\t\t\t\t<div class=\"elementor-widget-container\">\n\t\t\t\t\t\t\t\t<nav migration_allowed=\"1\" migrated=\"0\" role=\"navigation\" class=\"elementor-nav-menu--main elementor-nav-menu__container elementor-nav-menu--layout-horizontal e--pointer-none\">\n\t\t\t\t<ul id=\"menu-1-29457a2\" class=\"elementor-nav-menu\"><li class=\"menu-item menu-item-type-post_type menu-item-object-page menu-item-246\"><a href=\"https:\/\/solicitecondominial.com.br\/?page_id=206\" class=\"elementor-item\">Licita\u00e7\u00f5es<\/a><\/li>\n<li class=\"menu-item menu-item-type-custom menu-item-object-custom menu-item-51\"><a href=\"#\" class=\"elementor-item elementor-item-anchor\">Loja<\/a><\/li>\n<li class=\"menu-item menu-item-type-post_type menu-item-object-page menu-item-161\"><a href=\"https:\/\/solicitecondominial.com.br\/?page_id=148\" class=\"elementor-item\">Quem Somos<\/a><\/li>\n<li class=\"menu-item menu-item-type-post_type menu-item-object-page menu-item-247\"><a href=\"https:\/\/solicitecondominial.com.br\/?page_id=212\" class=\"elementor-item\">Expo Condominial<\/a><\/li>\n<li class=\"menu-item menu-item-type-post_type menu-item-object-page menu-item-248\"><a href=\"https:\/\/solicitecondominial.com.br\/?page_id=221\" class=\"elementor-item\">ECB<\/a><\/li>\n<li class=\"menu-item menu-item-type-post_type menu-item-object-page menu-item-185\"><a href=\"https:\/\/solicitecondominial.com.br\/?page_id=175\" class=\"elementor-item\">Anunciar<\/a><\/li>\n<li class=\"menu-item menu-item-type-post_type menu-item-object-page menu-item-249\"><a href=\"https:\/\/solicitecondominial.com.br\/?page_id=233\" class=\"elementor-item\">Campanhas<\/a><\/li>\n<\/ul>\t\t\t<\/nav>\n\t\t\t\t\t<div class=\"elementor-menu-toggle\" role=\"button\" tabindex=\"0\" aria-label=\"Menu Toggle\" aria-expanded=\"false\">\n\t\t\t<i aria-hidden=\"true\" role=\"presentation\" class=\"elementor-menu-toggle__icon--open eicon-menu-bar\"><\/i><i aria-hidden=\"true\" role=\"presentation\" class=\"elementor-menu-toggle__icon--close eicon-close\"><\/i>\t\t\t<span class=\"elementor-screen-only\">Menu<\/span>\n\t\t<\/div>\n\t\t\t<nav class=\"elementor-nav-menu--dropdown elementor-nav-menu__container\" role=\"navigation\" aria-hidden=\"true\">\n\t\t\t\t<ul id=\"menu-2-29457a2\" class=\"elementor-nav-menu\"><li class=\"menu-item menu-item-type-post_type menu-item-object-page menu-item-246\"><a href=\"https:\/\/solicitecondominial.com.br\/?page_id=206\" class=\"elementor-item\" tabindex=\"-1\">Licita\u00e7\u00f5es<\/a><\/li>\n<li class=\"menu-item menu-item-type-custom menu-item-object-custom menu-item-51\"><a href=\"#\" class=\"elementor-item elementor-item-anchor\" tabindex=\"-1\">Loja<\/a><\/li>\n<li class=\"menu-item menu-item-type-post_type menu-item-object-page menu-item-161\"><a href=\"https:\/\/solicitecondominial.com.br\/?page_id=148\" class=\"elementor-item\" tabindex=\"-1\">Quem Somos<\/a><\/li>\n<li class=\"menu-item menu-item-type-post_type menu-item-object-page menu-item-247\"><a href=\"https:\/\/solicitecondominial.com.br\/?page_id=212\" class=\"elementor-item\" tabindex=\"-1\">Expo Condominial<\/a><\/li>\n<li class=\"menu-item menu-item-type-post_type menu-item-object-page menu-item-248\"><a href=\"https:\/\/solicitecondominial.com.br\/?page_id=221\" class=\"elementor-item\" tabindex=\"-1\">ECB<\/a><\/li>\n<li class=\"menu-item menu-item-type-post_type menu-item-object-page menu-item-185\"><a href=\"https:\/\/solicitecondominial.com.br\/?page_id=175\" class=\"elementor-item\" tabindex=\"-1\">Anunciar<\/a><\/li>\n<li class=\"menu-item menu-item-type-post_type menu-item-object-page menu-item-249\"><a href=\"https:\/\/solicitecondominial.com.br\/?page_id=233\" class=\"elementor-item\" tabindex=\"-1\">Campanhas<\/a><\/li>\n<\/ul>\t\t\t<\/nav>\n\t\t\t\t\t\t<\/div>\n\t\t\t\t<\/div>\n\t\t\t\t<div class=\"elementor-element elementor-element-225e75e elementor-widget elementor-widget-text-editor\" data-id=\"225e75e\" data-element_type=\"widget\" data-e-type=\"widget\" data-widget_type=\"text-editor.default\">\n\t\t\t\t<div class=\"elementor-widget-container\">\n\t\t\t\t\t\t\t\t\t<p><strong><span style=\"color: #ffffff;\">Quem <\/span><\/strong><strong><span style=\"color: #ffcc00;\">Somos<\/span><\/strong><\/p>\t\t\t\t\t\t\t\t<\/div>\n\t\t\t\t<\/div>\n\t\t\t\t\t<\/div>\n\t\t<\/div>\n\t\t\t\t\t<\/div>\n\t\t<\/section>\n\t\t\t\t<section class=\"elementor-section elementor-top-section elementor-element elementor-element-88ab4eb elementor-section-boxed elementor-section-height-default elementor-section-height-default\" data-id=\"88ab4eb\" data-element_type=\"section\" data-e-type=\"section\">\n\t\t\t\t\t\t<div class=\"elementor-container elementor-column-gap-default\">\n\t\t\t\t\t<div class=\"elementor-column elementor-col-100 elementor-top-column elementor-element elementor-element-3015020\" data-id=\"3015020\" data-element_type=\"column\" data-e-type=\"column\">\n\t\t\t<div class=\"elementor-widget-wrap elementor-element-populated\">\n\t\t\t\t\t\t<div class=\"elementor-element elementor-element-ac71c05 elementor-widget elementor-widget-spacer\" data-id=\"ac71c05\" data-element_type=\"widget\" data-e-type=\"widget\" data-widget_type=\"spacer.default\">\n\t\t\t\t<div class=\"elementor-widget-container\">\n\t\t\t\t\t\t\t<div class=\"elementor-spacer\">\n\t\t\t<div class=\"elementor-spacer-inner\"><\/div>\n\t\t<\/div>\n\t\t\t\t\t\t<\/div>\n\t\t\t\t<\/div>\n\t\t\t\t\t<\/div>\n\t\t<\/div>\n\t\t\t\t\t<\/div>\n\t\t<\/section>\n\t\t\t\t<section class=\"elementor-section elementor-top-section elementor-element elementor-element-87194c3 elementor-section-boxed elementor-section-height-default elementor-section-height-default\" data-id=\"87194c3\" data-element_type=\"section\" data-e-type=\"section\">\n\t\t\t\t\t\t<div class=\"elementor-container elementor-column-gap-default\">\n\t\t\t\t\t<div class=\"elementor-column elementor-col-100 elementor-top-column elementor-element elementor-element-545ffb2\" data-id=\"545ffb2\" data-element_type=\"column\" data-e-type=\"column\">\n\t\t\t<div class=\"elementor-widget-wrap elementor-element-populated\">\n\t\t\t\t\t\t<div class=\"elementor-element elementor-element-6ed8cf3 elementor-widget elementor-widget-heading\" data-id=\"6ed8cf3\" data-element_type=\"widget\" data-e-type=\"widget\" data-widget_type=\"heading.default\">\n\t\t\t\t<div class=\"elementor-widget-container\">\n\t\t\t\t\t<h3 class=\"elementor-heading-title elementor-size-default\">Ecossistema Solicite Condominial 360\u00ba (Edi\u00e7\u00e3o 2026)\n<\/br><\/br>\n<\/h3>\t\t\t\t<\/div>\n\t\t\t\t<\/div>\n\t\t\t\t\t<\/div>\n\t\t<\/div>\n\t\t\t\t\t<\/div>\n\t\t<\/section>\n\t\t\t\t<section class=\"elementor-section elementor-top-section elementor-element elementor-element-49d0c0b elementor-section-boxed elementor-section-height-default elementor-section-height-default\" data-id=\"49d0c0b\" data-element_type=\"section\" data-e-type=\"section\">\n\t\t\t\t\t\t<div class=\"elementor-container elementor-column-gap-default\">\n\t\t\t\t\t<div class=\"elementor-column elementor-col-100 elementor-top-column elementor-element elementor-element-5708b26\" data-id=\"5708b26\" data-element_type=\"column\" data-e-type=\"column\">\n\t\t\t<div class=\"elementor-widget-wrap elementor-element-populated\">\n\t\t\t\t\t\t<div class=\"elementor-element elementor-element-015c5d3 elementor-widget elementor-widget-text-editor\" data-id=\"015c5d3\" data-element_type=\"widget\" data-e-type=\"widget\" data-widget_type=\"text-editor.default\">\n\t\t\t\t<div class=\"elementor-widget-container\">\n\t\t\t\t\t\t\t\t\t<p>O <strong>Portal Solicite<\/strong> \u00e9 a intelig\u00eancia transacional de um organismo de alta performance: o Ecossistema Condominial 360\u00ba. Nossa miss\u00e3o \u00e9 unir a transpar\u00eancia das compras \u00e0 excel\u00eancia da execu\u00e7\u00e3o, transformando o condom\u00ednio em um ambiente de gest\u00e3o \u00e9tica, t\u00e9cnica e humanizada.<br \/>As Engrenagens do Nosso Organismo:<\/p><p>1. <strong>O Portal SELECIONA<\/strong> (Licita\u00e7\u00e3o e Compliance)<br \/>Atrav\u00e9s do <a href=\"https:\/\/solicitecondominial.com.br\" target=\"_blank\" rel=\"noopener\">solicitecondominial.com.br<\/a>, atuamos como o primeiro filtro. Gestores acessam um ambiente blindado para licita\u00e7\u00f5es de produtos e servi\u00e7os, garantindo a Governan\u00e7a (G do ESG) e rastreabilidade total em cada contrato.<\/p><p>2. <strong>A Escola FORMA<\/strong> (Capacita\u00e7\u00e3o de Elite ECB)<br \/>O conhecimento ganha vida no portal <a href=\"https:\/\/revistagestaocondominial.com.br\" target=\"_blank\" rel=\"noopener\">revistagestaocondominial.com.br<\/a>. A Editora e Escola ECB, conduzida por especialistas, forma e aperfei\u00e7oa gestores e colaboradores. \u00c9 aqui que as campanhas Capacitar (Efici\u00eancia T\u00e9cnica) e Rompendo o Sil\u00eancio (Paz Social) preparam profissionais para proteger o patrim\u00f4nio e as pessoas.<\/p><p>3. <strong>A ExpoCondominial<\/strong> <strong>AUDITA<\/strong> (Oficinas Pr\u00e1ticas Itinerantes)<br \/>A teoria encontra a pr\u00e1tica na ExpoCondominial Solicite. Como bra\u00e7o itinerante do ecossistema, percorremos regi\u00f5es levando oficinas t\u00e9cnicas onde prestadores e formandos demonstram suas habilidades ao vivo. \u00c9 o nosso Crivo da Verdade: s\u00f3 avan\u00e7a quem prova compet\u00eancia t\u00e9cnica e comportamental sob o olhar dos nossos auditores.<\/p><p>4. <strong>O Ecossistema ENCAMINHA<\/strong> (Est\u00e1gio e Carreira)<br \/>N\u00e3o paramos no diploma. Os talentos lapidados na Escola e validados na Expo s\u00e3o direcionados para Est\u00e1gios Supervisionados em condom\u00ednios parceiros. Criamos um fluxo cont\u00ednuo de m\u00e3o de obra qualificada e auditada para o mercado.<\/p><p>5. <strong>A Not\u00edcia PREMIA<\/strong> (Autoridade e Selo)<br \/>Quem vence o ciclo \u2014 Sele\u00e7\u00e3o, Forma\u00e7\u00e3o e Auditoria \u2014 conquista o prestigiado selo Amigos do Condom\u00ednio. Essa jornada de sucesso \u00e9 documentada e celebrada pelo canal Condominial News, dando voz e visibilidade aos l\u00edderes que aplicam o ESG na pr\u00e1tica.<\/p><p><strong>O Diferencial 360\u00ba:<br \/><\/strong><br \/>Enquanto o mercado oferece solu\u00e7\u00f5es isoladas, n\u00f3s entregamos um ciclo completo. No <strong>Portal Solicite<\/strong>, voc\u00ea licita com seguran\u00e7a porque o nosso bra\u00e7o itinerante (Expo) j\u00e1 testou o prestador, e nossa Escola (ECB) j\u00e1 formou o colaborador. <strong>Ecossistema Solicite 360\u00ba:<\/strong> Selecionar com \u00e9tica, formar com especialistas, auditar na pr\u00e1tica e premiar com autoridade.<\/p>\t\t\t\t\t\t\t\t<\/div>\n\t\t\t\t<\/div>\n\t\t\t\t\t<\/div>\n\t\t<\/div>\n\t\t\t\t\t<\/div>\n\t\t<\/section>\n\t\t\t\t<section class=\"elementor-section elementor-top-section elementor-element elementor-element-cbb92b0 elementor-section-boxed elementor-section-height-default elementor-section-height-default\" data-id=\"cbb92b0\" data-element_type=\"section\" data-e-type=\"section\">\n\t\t\t\t\t\t<div class=\"elementor-container elementor-column-gap-default\">\n\t\t\t\t\t<div class=\"elementor-column elementor-col-100 elementor-top-column elementor-element elementor-element-80dd91a\" data-id=\"80dd91a\" data-element_type=\"column\" data-e-type=\"column\">\n\t\t\t<div class=\"elementor-widget-wrap elementor-element-populated\">\n\t\t\t\t\t\t<div class=\"elementor-element elementor-element-be9a47c elementor-widget elementor-widget-spacer\" data-id=\"be9a47c\" data-element_type=\"widget\" data-e-type=\"widget\" data-widget_type=\"spacer.default\">\n\t\t\t\t<div class=\"elementor-widget-container\">\n\t\t\t\t\t\t\t<div class=\"elementor-spacer\">\n\t\t\t<div class=\"elementor-spacer-inner\"><\/div>\n\t\t<\/div>\n\t\t\t\t\t\t<\/div>\n\t\t\t\t<\/div>\n\t\t\t\t\t<\/div>\n\t\t<\/div>\n\t\t\t\t\t<\/div>\n\t\t<\/section>\n\t\t\t\t<section class=\"elementor-section elementor-top-section elementor-element elementor-element-a930c83 elementor-section-boxed elementor-section-height-default elementor-section-height-default\" data-id=\"a930c83\" data-element_type=\"section\" data-e-type=\"section\" data-settings=\"{&quot;background_background&quot;:&quot;classic&quot;}\">\n\t\t\t\t\t\t<div class=\"elementor-container elementor-column-gap-default\">\n\t\t\t\t\t<div class=\"elementor-column elementor-col-100 elementor-top-column elementor-element elementor-element-6aab00b\" data-id=\"6aab00b\" data-element_type=\"column\" data-e-type=\"column\">\n\t\t\t<div class=\"elementor-widget-wrap elementor-element-populated\">\n\t\t\t\t\t\t<div class=\"elementor-element elementor-element-9476163 elementor-widget elementor-widget-spacer\" data-id=\"9476163\" data-element_type=\"widget\" data-e-type=\"widget\" data-widget_type=\"spacer.default\">\n\t\t\t\t<div class=\"elementor-widget-container\">\n\t\t\t\t\t\t\t<div class=\"elementor-spacer\">\n\t\t\t<div class=\"elementor-spacer-inner\"><\/div>\n\t\t<\/div>\n\t\t\t\t\t\t<\/div>\n\t\t\t\t<\/div>\n\t\t\t\t\t<\/div>\n\t\t<\/div>\n\t\t\t\t\t<\/div>\n\t\t<\/section>\n\t\t\t\t<section class=\"elementor-section elementor-top-section elementor-element elementor-element-6e392cd elementor-section-boxed elementor-section-height-default elementor-section-height-default\" data-id=\"6e392cd\" data-element_type=\"section\" data-e-type=\"section\" data-settings=\"{&quot;background_background&quot;:&quot;classic&quot;}\">\n\t\t\t\t\t\t<div class=\"elementor-container elementor-column-gap-default\">\n\t\t\t\t\t<div class=\"elementor-column elementor-col-100 elementor-top-column elementor-element elementor-element-1cd2cb7\" data-id=\"1cd2cb7\" data-element_type=\"column\" data-e-type=\"column\">\n\t\t\t<div class=\"elementor-widget-wrap elementor-element-populated\">\n\t\t\t\t\t\t<div class=\"elementor-element elementor-element-8df6d5b elementor-nav-menu__align-center elementor-nav-menu__text-align-center elementor-nav-menu--dropdown-tablet elementor-nav-menu--toggle elementor-nav-menu--burger elementor-widget elementor-widget-nav-menu\" data-id=\"8df6d5b\" data-element_type=\"widget\" data-e-type=\"widget\" data-settings=\"{&quot;layout&quot;:&quot;horizontal&quot;,&quot;submenu_icon&quot;:{&quot;value&quot;:&quot;&lt;i class=\\&quot;fas fa-caret-down\\&quot;&gt;&lt;\\\/i&gt;&quot;,&quot;library&quot;:&quot;fa-solid&quot;},&quot;toggle&quot;:&quot;burger&quot;}\" data-widget_type=\"nav-menu.default\">\n\t\t\t\t<div class=\"elementor-widget-container\">\n\t\t\t\t\t\t\t\t<nav migration_allowed=\"1\" migrated=\"0\" role=\"navigation\" class=\"elementor-nav-menu--main elementor-nav-menu__container elementor-nav-menu--layout-horizontal e--pointer-none\">\n\t\t\t\t<ul id=\"menu-1-8df6d5b\" class=\"elementor-nav-menu\"><li class=\"menu-item menu-item-type-custom menu-item-object-custom menu-item-home menu-item-189\"><a href=\"https:\/\/solicitecondominial.com.br\" class=\"elementor-item\">Home<\/a><\/li>\n<li class=\"menu-item menu-item-type-post_type menu-item-object-page menu-item-242\"><a href=\"https:\/\/solicitecondominial.com.br\/?page_id=206\" class=\"elementor-item\">Licita\u00e7\u00f5es<\/a><\/li>\n<li class=\"menu-item menu-item-type-custom menu-item-object-custom menu-item-190\"><a href=\"#\" class=\"elementor-item elementor-item-anchor\">Loja<\/a><\/li>\n<li class=\"menu-item menu-item-type-post_type menu-item-object-page menu-item-186\"><a href=\"https:\/\/solicitecondominial.com.br\/?page_id=148\" class=\"elementor-item\">Quem Somos<\/a><\/li>\n<li class=\"menu-item menu-item-type-post_type menu-item-object-page menu-item-243\"><a href=\"https:\/\/solicitecondominial.com.br\/?page_id=212\" class=\"elementor-item\">Expo Condominial<\/a><\/li>\n<li class=\"menu-item menu-item-type-post_type menu-item-object-page menu-item-244\"><a href=\"https:\/\/solicitecondominial.com.br\/?page_id=221\" class=\"elementor-item\">ECB<\/a><\/li>\n<li class=\"menu-item menu-item-type-post_type menu-item-object-page menu-item-187\"><a href=\"https:\/\/solicitecondominial.com.br\/?page_id=175\" class=\"elementor-item\">Anunciar<\/a><\/li>\n<li class=\"menu-item menu-item-type-post_type menu-item-object-page menu-item-245\"><a href=\"https:\/\/solicitecondominial.com.br\/?page_id=233\" class=\"elementor-item\">Campanhas<\/a><\/li>\n<\/ul>\t\t\t<\/nav>\n\t\t\t\t\t<div class=\"elementor-menu-toggle\" role=\"button\" tabindex=\"0\" aria-label=\"Menu Toggle\" aria-expanded=\"false\">\n\t\t\t<i aria-hidden=\"true\" role=\"presentation\" class=\"elementor-menu-toggle__icon--open eicon-menu-bar\"><\/i><i aria-hidden=\"true\" role=\"presentation\" class=\"elementor-menu-toggle__icon--close eicon-close\"><\/i>\t\t\t<span class=\"elementor-screen-only\">Menu<\/span>\n\t\t<\/div>\n\t\t\t<nav class=\"elementor-nav-menu--dropdown elementor-nav-menu__container\" role=\"navigation\" aria-hidden=\"true\">\n\t\t\t\t<ul id=\"menu-2-8df6d5b\" class=\"elementor-nav-menu\"><li class=\"menu-item menu-item-type-custom menu-item-object-custom menu-item-home menu-item-189\"><a href=\"https:\/\/solicitecondominial.com.br\" class=\"elementor-item\" tabindex=\"-1\">Home<\/a><\/li>\n<li class=\"menu-item menu-item-type-post_type menu-item-object-page menu-item-242\"><a href=\"https:\/\/solicitecondominial.com.br\/?page_id=206\" class=\"elementor-item\" tabindex=\"-1\">Licita\u00e7\u00f5es<\/a><\/li>\n<li class=\"menu-item menu-item-type-custom menu-item-object-custom menu-item-190\"><a href=\"#\" class=\"elementor-item elementor-item-anchor\" tabindex=\"-1\">Loja<\/a><\/li>\n<li class=\"menu-item menu-item-type-post_type menu-item-object-page menu-item-186\"><a href=\"https:\/\/solicitecondominial.com.br\/?page_id=148\" class=\"elementor-item\" tabindex=\"-1\">Quem Somos<\/a><\/li>\n<li class=\"menu-item menu-item-type-post_type menu-item-object-page menu-item-243\"><a href=\"https:\/\/solicitecondominial.com.br\/?page_id=212\" class=\"elementor-item\" tabindex=\"-1\">Expo Condominial<\/a><\/li>\n<li class=\"menu-item menu-item-type-post_type menu-item-object-page menu-item-244\"><a href=\"https:\/\/solicitecondominial.com.br\/?page_id=221\" class=\"elementor-item\" tabindex=\"-1\">ECB<\/a><\/li>\n<li class=\"menu-item menu-item-type-post_type menu-item-object-page menu-item-187\"><a href=\"https:\/\/solicitecondominial.com.br\/?page_id=175\" class=\"elementor-item\" tabindex=\"-1\">Anunciar<\/a><\/li>\n<li class=\"menu-item menu-item-type-post_type menu-item-object-page menu-item-245\"><a href=\"https:\/\/solicitecondominial.com.br\/?page_id=233\" class=\"elementor-item\" tabindex=\"-1\">Campanhas<\/a><\/li>\n<\/ul>\t\t\t<\/nav>\n\t\t\t\t\t\t<\/div>\n\t\t\t\t<\/div>\n\t\t\t\t<div class=\"elementor-element elementor-element-01abff1 elementor-widget-divider--view-line elementor-widget elementor-widget-divider\" data-id=\"01abff1\" data-element_type=\"widget\" data-e-type=\"widget\" data-widget_type=\"divider.default\">\n\t\t\t\t<div class=\"elementor-widget-container\">\n\t\t\t\t\t\t\t<div class=\"elementor-divider\">\n\t\t\t<span class=\"elementor-divider-separator\">\n\t\t\t\t\t\t<\/span>\n\t\t<\/div>\n\t\t\t\t\t\t<\/div>\n\t\t\t\t<\/div>\n\t\t\t\t<div class=\"elementor-element elementor-element-7914ce0 elementor-widget elementor-widget-text-editor\" data-id=\"7914ce0\" data-element_type=\"widget\" data-e-type=\"widget\" data-widget_type=\"text-editor.default\">\n\t\t\t\t<div class=\"elementor-widget-container\">\n\t\t\t\t\t\t\t\t\t<p style=\"text-align: center;\"><span class=\"a_GcMg font-feature-liga-off font-feature-clig-off font-feature-calt-off text-decoration-none text-strikethrough-none\" style=\"color: #ffffff;\">A Solicite Condominial \u00e9 uma empresa goiana, com plataforma f\u00edsica e e-commerce, inscrita sob o CNPJ 55.955.187\/0001-79, <br \/>especializada em solu\u00e7\u00f5es completas para ambientes condominiais.<\/span><\/p>\t\t\t\t\t\t\t\t<\/div>\n\t\t\t\t<\/div>\n\t\t\t\t\t<\/div>\n\t\t<\/div>\n\t\t\t\t\t<\/div>\n\t\t<\/section>\n\t\t\t\t<section class=\"elementor-section elementor-top-section elementor-element elementor-element-a9bedee elementor-section-boxed elementor-section-height-default elementor-section-height-default\" data-id=\"a9bedee\" data-element_type=\"section\" data-e-type=\"section\">\n\t\t\t\t\t\t<div class=\"elementor-container elementor-column-gap-default\">\n\t\t\t\t\t<div class=\"elementor-column elementor-col-100 elementor-top-column elementor-element elementor-element-e010882\" data-id=\"e010882\" data-element_type=\"column\" data-e-type=\"column\">\n\t\t\t<div class=\"elementor-widget-wrap elementor-element-populated\">\n\t\t\t\t\t\t<div class=\"elementor-element elementor-element-415df26 elementor-widget elementor-widget-text-editor\" data-id=\"415df26\" data-element_type=\"widget\" data-e-type=\"widget\" data-widget_type=\"text-editor.default\">\n\t\t\t\t<div class=\"elementor-widget-container\">\n\t\t\t\t\t\t\t\t\t<p style=\"text-align: center;\">Ecossistema Solicite 360\u00b0 2026 \u00a9 Todos os direitos reservados \u2013 Desenvolvimento Web IMX Virtual<\/p>\t\t\t\t\t\t\t\t<\/div>\n\t\t\t\t<\/div>\n\t\t\t\t\t<\/div>\n\t\t<\/div>\n\t\t\t\t\t<\/div>\n\t\t<\/section>\n\t\t\t\t<\/div>\n\t\t","protected":false},"excerpt":{"rendered":"<p>Quem Somos Ecossistema Solicite Condominial 360\u00ba (Edi\u00e7\u00e3o 2026) O Portal Solicite \u00e9 a intelig\u00eancia transacional de um organismo de alta performance: o Ecossistema Condominial 360\u00ba. Nossa miss\u00e3o \u00e9 unir a transpar\u00eancia das compras \u00e0 excel\u00eancia da execu\u00e7\u00e3o, transformando o condom\u00ednio em um ambiente de gest\u00e3o \u00e9tica, t\u00e9cnica e humanizada.As Engrenagens do Nosso Organismo: 1. O [&hellip;]<\/p>\n","protected":false},"author":1,"featured_media":0,"parent":0,"menu_order":0,"comment_status":"closed","ping_status":"closed","template":"elementor_canvas","meta":{"footnotes":""},"class_list":["post-148","page","type-page","status-publish","hentry"],"_links":{"self":[{"href":"https:\/\/solicitecondominial.com.br\/index.php?rest_route=\/wp\/v2\/pages\/148","targetHints":{"allow":["GET"]}}],"collection":[{"href":"https:\/\/solicitecondominial.com.br\/index.php?rest_route=\/wp\/v2\/pages"}],"about":[{"href":"https:\/\/solicitecondominial.com.br\/index.php?rest_route=\/wp\/v2\/types\/page"}],"author":[{"embeddable":true,"href":"https:\/\/solicitecondominial.com.br\/index.php?rest_route=\/wp\/v2\/users\/1"}],"replies":[{"embeddable":true,"href":"https:\/\/solicitecondominial.com.br\/index.php?rest_route=%2Fwp%2Fv2%2Fcomments&post=148"}],"version-history":[{"count":25,"href":"https:\/\/solicitecondominial.com.br\/index.php?rest_route=\/wp\/v2\/pages\/148\/revisions"}],"predecessor-version":[{"id":196,"href":"https:\/\/solicitecondominial.com.br\/index.php?rest_route=\/wp\/v2\/pages\/148\/revisions\/196"}],"wp:attachment":[{"href":"https:\/\/solicitecondominial.com.br\/index.php?rest_route=%2Fwp%2Fv2%2Fmedia&parent=148"}],"curies":[{"name":"wp","href":"https:\/\/api.w.org\/{rel}","templated":true}]}}